{"id":46,"date":"2014-12-02T11:43:08","date_gmt":"2014-12-02T10:43:08","guid":{"rendered":"http:\/\/test-sensat.com.mialias.net\/inicio-2\/"},"modified":"2025-01-03T18:54:40","modified_gmt":"2025-01-03T17:54:40","slug":"inicio","status":"publish","type":"page","link":"https:\/\/sensat.es\/ca\/","title":{"rendered":"Homepage"},"content":{"rendered":"\t\t<div data-elementor-type=\"wp-page\" data-elementor-id=\"46\" class=\"elementor elementor-46 elementor-10\" data-elementor-post-type=\"page\">\n\t\t\t\t<div class=\"elementor-element elementor-element-b62907f e-flex e-con-boxed e-con e-parent\" data-id=\"b62907f\" data-element_type=\"container\" data-settings=\"{&quot;background_background&quot;:&quot;classic&quot;}\">\n\t\t\t\t\t<div class=\"e-con-inner\">\n\t\t\t\t\t<\/div>\n\t\t\t\t<\/div>\n\t\t<div class=\"elementor-element elementor-element-27110cb e-con-full e-flex e-con e-parent\" data-id=\"27110cb\" data-element_type=\"container\" id=\"porque\">\n\t\t<div class=\"elementor-element elementor-element-71f6aad e-con-full e-flex e-con e-child\" data-id=\"71f6aad\" data-element_type=\"container\">\n\t\t\t\t<div class=\"elementor-element elementor-element-dea81ab elementor-widget elementor-widget-heading\" data-id=\"dea81ab\" data-element_type=\"widget\" data-widget_type=\"heading.default\">\n\t\t\t\t<div class=\"elementor-widget-container\">\n\t\t\t\t\t<h2 class=\"elementor-heading-title elementor-size-default\">Presentaci\u00f3<\/h2>\t\t\t\t<\/div>\n\t\t\t\t<\/div>\n\t\t\t\t<\/div>\n\t\t<div class=\"elementor-element elementor-element-cb05c04 e-con-full e-flex e-con e-child\" data-id=\"cb05c04\" data-element_type=\"container\">\n\t\t\t\t<div class=\"elementor-element elementor-element-4fb7ed2 elementor-widget elementor-widget-text-editor\" data-id=\"4fb7ed2\" data-element_type=\"widget\" data-widget_type=\"text-editor.default\">\n\t\t\t\t<div class=\"elementor-widget-container\">\n\t\t\t\t\t\t\t\t\t<p>La proliferaci\u00f3 de fons d\u2019inversi\u00f3 immobili\u00e0ria durant l\u2019\u00faltima d\u00e8cada, aix\u00ed com la nova realitat de les entitats financeres i la seva alta exposici\u00f3 al sector immobiliari, han posat de relleu el rol destacat que juguen les gestores immobili\u00e0ries en el mercat actual.<\/p>\n<p>Aquest outsorcing o externalitzaci\u00f3 de la gesti\u00f3 ha comportat una nova manera de fer les coses, m\u00e9s professional, amb equips directius que compten amb una llarga experi\u00e8ncia en el sector.<\/p>\n\t\t\t\t\t\t\t\t<\/div>\n\t\t\t\t<\/div>\n\t\t\t\t<\/div>\n\t\t<div class=\"elementor-element elementor-element-5b7acb6 e-con-full e-flex e-con e-child\" data-id=\"5b7acb6\" data-element_type=\"container\">\n\t\t\t\t<div class=\"elementor-element elementor-element-60c903d elementor-widget elementor-widget-text-editor\" data-id=\"60c903d\" data-element_type=\"widget\" data-widget_type=\"text-editor.default\">\n\t\t\t\t<div class=\"elementor-widget-container\">\n\t\t\t\t\t\t\t\t\t<p>L\u2019altra cara de la moneda la trobem en les alternatives d\u2019externalitzaci\u00f3 que ofereix el mercat quan parlem de gestionar carteres immobili\u00e0ries de patrimonialistes no institucionals sense estructura pr\u00f2pia, segment que ha canviat m\u00e9s aviat poc en els darrers anys.<\/p>\n\t\t\t\t\t\t\t\t<\/div>\n\t\t\t\t<\/div>\n\t\t\t\t<\/div>\n\t\t\t\t<\/div>\n\t\t<div class=\"elementor-element elementor-element-fe62634 e-flex e-con-boxed e-con e-parent\" data-id=\"fe62634\" data-element_type=\"container\" data-settings=\"{&quot;background_background&quot;:&quot;classic&quot;}\">\n\t\t\t\t\t<div class=\"e-con-inner\">\n\t\t\t\t\t<\/div>\n\t\t\t\t<\/div>\n\t\t<div class=\"elementor-element elementor-element-e629bca e-con-full e-flex e-con e-parent\" data-id=\"e629bca\" data-element_type=\"container\" id=\"nuestros_servicios\">\n\t\t<div class=\"elementor-element elementor-element-c441204 e-con-full e-flex e-con e-child\" data-id=\"c441204\" data-element_type=\"container\">\n\t\t\t\t<div class=\"elementor-element elementor-element-d1eb97e elementor-widget elementor-widget-heading\" data-id=\"d1eb97e\" data-element_type=\"widget\" data-widget_type=\"heading.default\">\n\t\t\t\t<div class=\"elementor-widget-container\">\n\t\t\t\t\t<h2 class=\"elementor-heading-title elementor-size-default\">Els nostres serveis<\/h2>\t\t\t\t<\/div>\n\t\t\t\t<\/div>\n\t\t\t\t<\/div>\n\t\t<div class=\"elementor-element elementor-element-f669c1c e-con-full e-flex e-con e-child\" data-id=\"f669c1c\" data-element_type=\"container\">\n\t\t\t\t<div class=\"elementor-element elementor-element-118a2c6 elementor-widget elementor-widget-text-editor\" data-id=\"118a2c6\" data-element_type=\"widget\" data-widget_type=\"text-editor.default\">\n\t\t\t\t<div class=\"elementor-widget-container\">\n\t\t\t\t\t\t\t\t\t<p>El naixement de Sensat est\u00e0 motivat pel convenciment que un nombre important de fam\u00edlies amb patrimoni immobiliari no se senten satisfetes amb les opcions d\u2019externalitzaci\u00f3 de gesti\u00f3 immobili\u00e0ria que el mercat ofereix.<\/p>\n<p><span style=\"color: var( --e-global-color-text ); font-family: var( --e-global-typography-text-font-family ), Sans-serif; text-align: var(--text-align);\">A Sensat creiem que hi ha una altra manera de portar la gesti\u00f3 patrimonial en mat\u00e8ria d\u2019immobles, una manera enfocada a donar resposta a les necessitats reals dels propietaris.<\/span><\/p>\n<p><span style=\"color: var( --e-global-color-text ); font-family: var( --e-global-typography-text-font-family ), Sans-serif; text-align: var(--text-align);\">Tot i que l\u2019objectiu \u00faltim \u2014la maximitzaci\u00f3 del valor patrimonial de la cartera immobili\u00e0ria\u2014 no varia, la manera d\u2019abordar la gesti\u00f3 i la relaci\u00f3 propietat-gestor que proposem suposa una alternativa de servei diferenciada.<\/span><\/p>\n\t\t\t\t\t\t\t\t<\/div>\n\t\t\t\t<\/div>\n\t\t\t\t<\/div>\n\t\t<div class=\"elementor-element elementor-element-52e2196 e-con-full e-flex e-con e-child\" data-id=\"52e2196\" data-element_type=\"container\">\n\t\t\t\t<div class=\"elementor-element elementor-element-5e8e775 elementor-widget elementor-widget-text-editor\" data-id=\"5e8e775\" data-element_type=\"widget\" data-widget_type=\"text-editor.default\">\n\t\t\t\t<div class=\"elementor-widget-container\">\n\t\t\t\t\t\t\t\t\t<p>En paral\u00b7lel a la gesti\u00f3 de carteres immobili\u00e0ries, Sensat tamb\u00e9 ofereix els seus serveis a patrimonialistes que, tot i tenir una estructura pr\u00f2pia per gestionar els actius, puguin necessitar un suport puntual per realitzar funcions o projectes espec\u00edfics.<\/p>\n<p>Estarem encantats d\u2019explicar-li de primera m\u00e0 els detalls de la nostra manera d\u2019entendre una q\u00fcesti\u00f3 tan capital per a la majoria de fam\u00edlies propiet\u00e0ries de carteres d\u2019immobles.<\/p>\n\t\t\t\t\t\t\t\t<\/div>\n\t\t\t\t<\/div>\n\t\t\t\t<\/div>\n\t\t\t\t<\/div>\n\t\t<div class=\"elementor-element elementor-element-819b8c1 e-flex e-con-boxed e-con e-parent\" data-id=\"819b8c1\" data-element_type=\"container\" data-settings=\"{&quot;background_background&quot;:&quot;classic&quot;}\">\n\t\t\t\t\t<div class=\"e-con-inner\">\n\t\t\t\t\t<\/div>\n\t\t\t\t<\/div>\n\t\t<div class=\"elementor-element elementor-element-f0cb8f5 e-con-full e-flex e-con e-parent\" data-id=\"f0cb8f5\" data-element_type=\"container\" id=\"dirigido\">\n\t\t<div class=\"elementor-element elementor-element-7e711db e-con-full e-flex e-con e-child\" data-id=\"7e711db\" data-element_type=\"container\">\n\t\t\t\t<div class=\"elementor-element elementor-element-72561c0 elementor-widget elementor-widget-heading\" data-id=\"72561c0\" data-element_type=\"widget\" data-widget_type=\"heading.default\">\n\t\t\t\t<div class=\"elementor-widget-container\">\n\t\t\t\t\t<h2 class=\"elementor-heading-title elementor-size-default\">A qui va dirigit<\/h2>\t\t\t\t<\/div>\n\t\t\t\t<\/div>\n\t\t\t\t<\/div>\n\t\t<div class=\"elementor-element elementor-element-4ab7c35 e-con-full e-flex e-con e-child\" data-id=\"4ab7c35\" data-element_type=\"container\">\n\t\t\t\t<div class=\"elementor-element elementor-element-8bc4176 elementor-widget elementor-widget-text-editor\" data-id=\"8bc4176\" data-element_type=\"widget\" data-widget_type=\"text-editor.default\">\n\t\t\t\t<div class=\"elementor-widget-container\">\n\t\t\t\t\t\t\t\t\t<p>Els serveis de gesti\u00f3 que ofereix Sensat van dirigits a:<\/p>\n<ul>\n<li>Patrimonialistes sense una estructura pr\u00f2pia que tenen externalitzada la gesti\u00f3 per\u00f2 que no estan satisfets amb com es du a terme.<\/li>\n<\/ul>\n\t\t\t\t\t\t\t\t<\/div>\n\t\t\t\t<\/div>\n\t\t\t\t<\/div>\n\t\t<div class=\"elementor-element elementor-element-95fc16a e-con-full e-flex e-con e-child\" data-id=\"95fc16a\" data-element_type=\"container\">\n\t\t\t\t<div class=\"elementor-element elementor-element-e68787f elementor-widget elementor-widget-text-editor\" data-id=\"e68787f\" data-element_type=\"widget\" data-widget_type=\"text-editor.default\">\n\t\t\t\t<div class=\"elementor-widget-container\">\n\t\t\t\t\t\t\t\t\t<ul>\n<li>Patrimonialistes que tenen estructura pr\u00f2pia per\u00f2 que poden necessitar un suport puntual (processos de comercialitzaci\u00f3, projectes espec\u00edfics\u2026)<\/li>\n<\/ul>\n\t\t\t\t\t\t\t\t<\/div>\n\t\t\t\t<\/div>\n\t\t\t\t<\/div>\n\t\t\t\t<\/div>\n\t\t<div class=\"elementor-element elementor-element-89185e8 e-flex e-con-boxed e-con e-parent\" data-id=\"89185e8\" data-element_type=\"container\" data-settings=\"{&quot;background_background&quot;:&quot;classic&quot;}\">\n\t\t\t\t\t<div class=\"e-con-inner\">\n\t\t\t\t\t<\/div>\n\t\t\t\t<\/div>\n\t\t<div class=\"elementor-element elementor-element-940d162 e-con-full e-flex e-con e-parent\" data-id=\"940d162\" data-element_type=\"container\" id=\"quienes_somos\">\n\t\t<div class=\"elementor-element elementor-element-0904025 e-con-full e-flex e-con e-child\" data-id=\"0904025\" data-element_type=\"container\">\n\t\t\t\t<div class=\"elementor-element elementor-element-9c68440 elementor-widget elementor-widget-heading\" data-id=\"9c68440\" data-element_type=\"widget\" data-widget_type=\"heading.default\">\n\t\t\t\t<div class=\"elementor-widget-container\">\n\t\t\t\t\t<h2 class=\"elementor-heading-title elementor-size-default\">Sobre nosaltres<\/h2>\t\t\t\t<\/div>\n\t\t\t\t<\/div>\n\t\t\t\t<\/div>\n\t\t<div class=\"elementor-element elementor-element-eaa82ef e-con-full e-flex e-con e-child\" data-id=\"eaa82ef\" data-element_type=\"container\">\n\t\t\t\t<div class=\"elementor-element elementor-element-d675c14 elementor-widget elementor-widget-text-editor\" data-id=\"d675c14\" data-element_type=\"widget\" data-widget_type=\"text-editor.default\">\n\t\t\t\t<div class=\"elementor-widget-container\">\n\t\t\t\t\t\t\t\t\t<p>Fernando Sensat compta amb m\u00e9s de deu anys d\u2019experi\u00e8ncia en el sector immobiliari treballats en empreses l\u00edders en les seves respectives \u00e0rees: la consultora immobili\u00e0ria CBRE, la promotora Inbisa Inmobiliaria (i col\u00b7laboraci\u00f3 amb la filial constructora del grup, Inbisa Construcci\u00f3n), la gestora de fons immobiliaris Goodman i el family office Caboel.<\/p>\n\t\t\t\t\t\t\t\t<\/div>\n\t\t\t\t<\/div>\n\t\t\t\t<\/div>\n\t\t<div class=\"elementor-element elementor-element-04d7427 e-con-full e-flex e-con e-child\" data-id=\"04d7427\" data-element_type=\"container\">\n\t\t\t\t<div class=\"elementor-element elementor-element-5b70391 elementor-widget elementor-widget-text-editor\" data-id=\"5b70391\" data-element_type=\"widget\" data-widget_type=\"text-editor.default\">\n\t\t\t\t<div class=\"elementor-widget-container\">\n\t\t\t\t\t\t\t\t\t<p>El fet de haver tingut l\u2019oportunitat de treballar en empreses de refer\u00e8ncia en el sector, duent a terme funcions en segments d\u2019activitat tan diversos com la consultoria, la intermediaci\u00f3, la promoci\u00f3, la construcci\u00f3 o la gesti\u00f3 de carteres, i en els principals usos immobiliaris (oficines, industrial-log\u00edstic, retail i residencial), el converteix en un bon coneixedor del funcionament del sector immobiliari en el seu conjunt.<\/p>\n\t\t\t\t\t\t\t\t<\/div>\n\t\t\t\t<\/div>\n\t\t\t\t<\/div>\n\t\t\t\t<\/div>\n\t\t<div class=\"elementor-element elementor-element-ea24c2b e-flex e-con-boxed e-con e-parent\" data-id=\"ea24c2b\" data-element_type=\"container\" data-settings=\"{&quot;background_background&quot;:&quot;classic&quot;}\">\n\t\t\t\t\t<div class=\"e-con-inner\">\n\t\t\t\t\t<\/div>\n\t\t\t\t<\/div>\n\t\t<div class=\"elementor-element elementor-element-f0eb01e e-con-full e-flex e-con e-parent\" data-id=\"f0eb01e\" data-element_type=\"container\" id=\"contacto\">\n\t\t<div class=\"elementor-element elementor-element-57036d4 e-con-full e-flex e-con e-child\" data-id=\"57036d4\" data-element_type=\"container\">\n\t\t\t\t<div class=\"elementor-element elementor-element-74ee49a elementor-widget elementor-widget-heading\" data-id=\"74ee49a\" data-element_type=\"widget\" data-widget_type=\"heading.default\">\n\t\t\t\t<div class=\"elementor-widget-container\">\n\t\t\t\t\t<h2 class=\"elementor-heading-title elementor-size-default\">Contacte<\/h2>\t\t\t\t<\/div>\n\t\t\t\t<\/div>\n\t\t\t\t<\/div>\n\t\t<div class=\"elementor-element elementor-element-a9c81d1 e-con-full e-flex e-con e-child\" data-id=\"a9c81d1\" data-element_type=\"container\">\n\t\t\t\t<div class=\"elementor-element elementor-element-a9920ef elementor-button-align-start elementor-widget elementor-widget-form\" data-id=\"a9920ef\" data-element_type=\"widget\" data-settings=\"{&quot;step_next_label&quot;:&quot;Seg\\u00fcent&quot;,&quot;step_previous_label&quot;:&quot;Anterior&quot;,&quot;button_width&quot;:&quot;100&quot;,&quot;step_type&quot;:&quot;number_text&quot;,&quot;step_icon_shape&quot;:&quot;circle&quot;}\" data-widget_type=\"form.default\">\n\t\t\t\t<div class=\"elementor-widget-container\">\n\t\t\t\t\t\t\t<form class=\"elementor-form\" method=\"post\" name=\"form_contacto\">\n\t\t\t<input type=\"hidden\" name=\"post_id\" value=\"46\"\/>\n\t\t\t<input type=\"hidden\" name=\"form_id\" value=\"a9920ef\"\/>\n\t\t\t<input type=\"hidden\" name=\"referer_title\" value=\"\" \/>\n\n\t\t\t\t\t\t\t<input type=\"hidden\" name=\"queried_id\" value=\"46\"\/>\n\t\t\t\n\t\t\t<div class=\"elementor-form-fields-wrapper elementor-labels-\">\n\t\t\t\t\t\t\t\t<div class=\"elementor-field-type-text elementor-field-group elementor-column elementor-field-group-name elementor-col-50 elementor-field-required\">\n\t\t\t\t\t\t\t\t\t\t\t\t<label for=\"form-field-name\" class=\"elementor-field-label elementor-screen-only\">\n\t\t\t\t\t\t\t\tNom\t\t\t\t\t\t\t<\/label>\n\t\t\t\t\t\t\t\t\t\t\t\t\t\t<input size=\"1\" type=\"text\" name=\"form_fields[name]\" id=\"form-field-name\" class=\"elementor-field elementor-size-md  elementor-field-textual\" placeholder=\"Nom\" required=\"required\" aria-required=\"true\">\n\t\t\t\t\t\t\t\t\t\t\t<\/div>\n\t\t\t\t\t\t\t\t<div class=\"elementor-field-type-tel elementor-field-group elementor-column elementor-field-group-phone elementor-col-50\">\n\t\t\t\t\t\t\t\t\t\t\t\t<label for=\"form-field-phone\" class=\"elementor-field-label elementor-screen-only\">\n\t\t\t\t\t\t\t\tTel\u00e8fon\t\t\t\t\t\t\t<\/label>\n\t\t\t\t\t\t\t\t<input size=\"1\" type=\"tel\" name=\"form_fields[phone]\" id=\"form-field-phone\" class=\"elementor-field elementor-size-md  elementor-field-textual\" placeholder=\"Tel\u00e8fon\" pattern=\"[0-9()#&amp;+*-=.]+\" title=\"Only numbers and phone characters (#, -, *, etc) are accepted.\">\n\n\t\t\t\t\t\t<\/div>\n\t\t\t\t\t\t\t\t<div class=\"elementor-field-type-email elementor-field-group elementor-column elementor-field-group-email elementor-col-100 elementor-field-required\">\n\t\t\t\t\t\t\t\t\t\t\t\t<label for=\"form-field-email\" class=\"elementor-field-label elementor-screen-only\">\n\t\t\t\t\t\t\t\tCorreu electr\u00f2nic\t\t\t\t\t\t\t<\/label>\n\t\t\t\t\t\t\t\t\t\t\t\t\t\t<input size=\"1\" type=\"email\" name=\"form_fields[email]\" id=\"form-field-email\" class=\"elementor-field elementor-size-md  elementor-field-textual\" placeholder=\"Correu electr\u00f2nic\" required=\"required\" aria-required=\"true\">\n\t\t\t\t\t\t\t\t\t\t\t<\/div>\n\t\t\t\t\t\t\t\t<div class=\"elementor-field-type-textarea elementor-field-group elementor-column elementor-field-group-message elementor-col-100\">\n\t\t\t\t\t\t\t\t\t\t\t\t<label for=\"form-field-message\" class=\"elementor-field-label elementor-screen-only\">\n\t\t\t\t\t\t\t\tComentari\t\t\t\t\t\t\t<\/label>\n\t\t\t\t\t\t<textarea class=\"elementor-field-textual elementor-field  elementor-size-md\" name=\"form_fields[message]\" id=\"form-field-message\" rows=\"4\" placeholder=\"Comentari\"><\/textarea>\t\t\t\t<\/div>\n\t\t\t\t\t\t\t\t<div class=\"elementor-field-type-acceptance elementor-field-group elementor-column elementor-field-group-acptrm elementor-col-100 elementor-field-required\">\n\t\t\t\t\t\t\t\t\t\t\t\t<label for=\"form-field-acptrm\" class=\"elementor-field-label elementor-screen-only\">\n\t\t\t\t\t\t\t\tPrivadesa\t\t\t\t\t\t\t<\/label>\n\t\t\t\t\t\t\t\t<div class=\"elementor-field-subgroup\">\n\t\t\t<span class=\"elementor-field-option\">\n\t\t\t\t<input type=\"checkbox\" name=\"form_fields[acptrm]\" id=\"form-field-acptrm\" class=\"elementor-field elementor-size-md  elementor-acceptance-field\" required=\"required\" aria-required=\"true\">\n\t\t\t\t<label for=\"form-field-acptrm\">Accepto la pol\u00edtica de privadesa.<\/label>\t\t\t<\/span>\n\t\t<\/div>\n\t\t\t\t\t\t<\/div>\n\t\t\t\t\t\t\t\t<div class=\"elementor-field-group elementor-column elementor-field-type-submit elementor-col-100 e-form__buttons\">\n\t\t\t\t\t<button class=\"elementor-button elementor-size-md\" type=\"submit\">\n\t\t\t\t\t\t<span class=\"elementor-button-content-wrapper\">\n\t\t\t\t\t\t\t\t\t\t\t\t\t\t\t\t\t\t\t\t\t\t<span class=\"elementor-button-text\">Enviar<\/span>\n\t\t\t\t\t\t\t\t\t\t\t\t\t<\/span>\n\t\t\t\t\t<\/button>\n\t\t\t\t<\/div>\n\t\t\t<\/div>\n\t\t<\/form>\n\t\t\t\t\t\t<\/div>\n\t\t\t\t<\/div>\n\t\t\t\t<\/div>\n\t\t<div class=\"elementor-element elementor-element-125c855 e-con-full elementor-hidden-tablet elementor-hidden-mobile e-flex e-con e-child\" data-id=\"125c855\" data-element_type=\"container\">\n\t\t\t\t<\/div>\n\t\t\t\t<\/div>\n\t\t\t\t<\/div>\n\t\t","protected":false},"excerpt":{"rendered":"<p>Presentaci\u00f3 La proliferaci\u00f3 de fons d\u2019inversi\u00f3 immobili\u00e0ria durant l\u2019\u00faltima d\u00e8cada, aix\u00ed com la nova realitat de les entitats financeres i la seva alta exposici\u00f3 al sector immobiliari, han posat de relleu el rol destacat que juguen les gestores immobili\u00e0ries en el mercat actual. Aquest outsorcing o externalitzaci\u00f3 de la gesti\u00f3 ha comportat una nova manera [&hellip;]<\/p>\n","protected":false},"author":1,"featured_media":0,"parent":0,"menu_order":0,"comment_status":"closed","ping_status":"closed","template":"elementor_header_footer","meta":{"footnotes":""},"class_list":["post-46","page","type-page","status-publish","hentry"],"_links":{"self":[{"href":"https:\/\/sensat.es\/ca\/wp-json\/wp\/v2\/pages\/46","targetHints":{"allow":["GET"]}}],"collection":[{"href":"https:\/\/sensat.es\/ca\/wp-json\/wp\/v2\/pages"}],"about":[{"href":"https:\/\/sensat.es\/ca\/wp-json\/wp\/v2\/types\/page"}],"author":[{"embeddable":true,"href":"https:\/\/sensat.es\/ca\/wp-json\/wp\/v2\/users\/1"}],"replies":[{"embeddable":true,"href":"https:\/\/sensat.es\/ca\/wp-json\/wp\/v2\/comments?post=46"}],"version-history":[{"count":15,"href":"https:\/\/sensat.es\/ca\/wp-json\/wp\/v2\/pages\/46\/revisions"}],"predecessor-version":[{"id":484,"href":"https:\/\/sensat.es\/ca\/wp-json\/wp\/v2\/pages\/46\/revisions\/484"}],"wp:attachment":[{"href":"https:\/\/sensat.es\/ca\/wp-json\/wp\/v2\/media?parent=46"}],"curies":[{"name":"wp","href":"https:\/\/api.w.org\/{rel}","templated":true}]}}